{"id":134,"date":"2013-11-09T01:34:45","date_gmt":"2013-11-09T00:34:45","guid":{"rendered":"http:\/\/www.sublimatio.com\/wythiwyg\/?page_id=134"},"modified":"2013-11-10T02:39:15","modified_gmt":"2013-11-10T01:39:15","slug":"prix","status":"publish","type":"page","link":"https:\/\/www.sublimatio.com\/communication\/prix\/","title":{"rendered":"prix"},"content":{"rendered":"<p style=\"text-align: center; font-size: 14px;\"><strong style=\"line-height: 1.5;\">Le prix, que comprend-il ?<\/strong><\/p>\n<p style=\"text-align: center;\">[ezcol_1third id=\u00a0\u00bb\u00a0\u00bb class=\u00a0\u00bb\u00a0\u00bb style=\u00a0\u00bb\u00a0\u00bb]<\/p>\n<p style=\"text-align: left;\"><strong>L\u2019exp\u00e9rience :<br \/>\n<\/strong><span style=\"font-size: 14px; line-height: 1.5;\">Trente ann\u00e9es au service d\u2019une passion pour l\u2019image photographique me permettent d\u2019aborder tout type de prises de vues avec s\u00e9r\u00e9nit\u00e9. L\u2019approche globale des questions d\u2019images, li\u00e9e \u00e0 une exp\u00e9rience de Directeur Artistique, est force de proposition pour cr\u00e9er des images pertinentes prenant en compte l\u2019ensemble des contraintes marketing, artistiques et budg\u00e9taires.<\/span><\/p>\n<ul>\n<li><span style=\"font-size: 14px; line-height: 1.5;\">Savoir-faire en gestion de projet<\/span><\/li>\n<li><span style=\"font-size: 14px; line-height: 1.5;\">Management d\u2019\u00e9quipes de production<\/span><\/li>\n<li><span style=\"font-size: 14px; line-height: 1.5;\">Ma\u00eetrise de la cha\u00eene graphique de la cr\u00e9ation aux divers supports de communication : web, impression offset, impression grand format.<\/span>[\/ezcol_1third]<br \/>\n[ezcol_1third id=\u00a0\u00bb\u00a0\u00bb class=\u00a0\u00bb\u00a0\u00bb style=\u00a0\u00bb\u00a0\u00bb]<span style=\"color: #ffffff;\">&#8211;<\/span><span style=\"line-height: 1.5;\">[\/ezcol_1third]\u00a0<span style=\"line-height: 1.5;\">[ezcol_1third_end]<\/span><strong style=\"line-height: 1.5;\">Le mat\u00e9riel :\u00a0<\/strong><\/span><\/li>\n<\/ul>\n<p style=\"text-align: left;\"><span style=\"font-size: 14px; line-height: 1.5;\">Un \u00e9quipement en permanence renouvel\u00e9 sur les quatre postes principaux :<\/span><\/p>\n<ul>\n<li><span style=\"font-size: 14px; line-height: 1.5;\">Prise de vue haute d\u00e9finition 21 MPx et optiques professionnelles du 14 au 280 mm constituent l\u2019\u00e9quipement de base.<\/span><\/li>\n<li><span style=\"font-size: 14px; line-height: 1.5;\">Eclairage de studio radio-command\u00e9 confortable dernier cri, 8 flashes Profoto et 4 flashes cobras, fa\u00e7onneurs de lumi\u00e8res et accessoires.<\/span><\/li>\n<li><span style=\"font-size: 14px; line-height: 1.5;\">Un parc Informatique mis \u00e0 jour r\u00e9guli\u00e8rement en software et hard ware, avec sauvegardes Raid,<\/span><\/li>\n<li><span style=\"font-size: 14px; line-height: 1.5;\">Une cha\u00eene graphique calibr\u00e9e contr\u00f4l\u00e9e r\u00e9guli\u00e8rement, dot\u00e9e d\u2019un parc d\u2019imprimantes art graphique professionnelles du A4 au A0.<\/span><\/li>\n<\/ul>\n<p style=\"text-align: center;\">[\/ezcol_1third_end]<\/p>\n<p style=\"text-align: left;\"><strong>Des r\u00e8gles :<br \/>\n<\/strong><\/p>\n<ul>\n<li><span style=\"font-size: 14px; line-height: 1.5;\">Un principe d\u2019\u00e9quipement pour l\u2019\u00e9clairage : apporter la qualit\u00e9 de la\u00a0lumi\u00e8re du studio en ext\u00e9rieur gr\u00e2ce \u00e0 du mat\u00e9riel compact,\u00a0puissant, ergonomique, en quantit\u00e9 et toujours disponible.<\/span><\/li>\n<li><span style=\"font-size: 14px; line-height: 1.5;\">Un choix de captation d\u2019images : pr\u00e9f\u00e9rer la Haute D\u00e9finition, afin d\u2019obtenir des fichiers riches en informations qui offriront une qualit\u00e9 de rendu subtile et maximale autorisant de grands rapports d\u2019agrandissement sans perte de qualit\u00e9.<\/span><\/li>\n<\/ul>\n","protected":false},"excerpt":{"rendered":"<p>Le prix, que comprend-il ? [ezcol_1third id=\u00a0\u00bb\u00a0\u00bb class=\u00a0\u00bb\u00a0\u00bb style=\u00a0\u00bb\u00a0\u00bb] L\u2019exp\u00e9rience : Trente ann\u00e9es au service d\u2019une passion pour l\u2019image photographique me permettent d\u2019aborder tout type de prises de vues avec s\u00e9r\u00e9nit\u00e9. L\u2019approche globale des questions d\u2019images, li\u00e9e \u00e0 une exp\u00e9rience de Directeur Artistique, est force de proposition pour cr\u00e9er des images pertinentes prenant en compte &hellip; <a href=\"https:\/\/www.sublimatio.com\/communication\/prix\/\" class=\"more-link\">Continuer la lecture de <span class=\"screen-reader-text\">prix<\/span> <span class=\"meta-nav\">&rarr;<\/span><\/a><\/p>\n","protected":false},"author":2,"featured_media":0,"parent":0,"menu_order":0,"comment_status":"closed","ping_status":"open","template":"","meta":{"footnotes":""},"class_list":["post-134","page","type-page","status-publish","hentry"],"_links":{"self":[{"href":"https:\/\/www.sublimatio.com\/communication\/wp-json\/wp\/v2\/pages\/134","targetHints":{"allow":["GET"]}}],"collection":[{"href":"https:\/\/www.sublimatio.com\/communication\/wp-json\/wp\/v2\/pages"}],"about":[{"href":"https:\/\/www.sublimatio.com\/communication\/wp-json\/wp\/v2\/types\/page"}],"author":[{"embeddable":true,"href":"https:\/\/www.sublimatio.com\/communication\/wp-json\/wp\/v2\/users\/2"}],"replies":[{"embeddable":true,"href":"https:\/\/www.sublimatio.com\/communication\/wp-json\/wp\/v2\/comments?post=134"}],"version-history":[{"count":15,"href":"https:\/\/www.sublimatio.com\/communication\/wp-json\/wp\/v2\/pages\/134\/revisions"}],"predecessor-version":[{"id":164,"href":"https:\/\/www.sublimatio.com\/communication\/wp-json\/wp\/v2\/pages\/134\/revisions\/164"}],"wp:attachment":[{"href":"https:\/\/www.sublimatio.com\/communication\/wp-json\/wp\/v2\/media?parent=134"}],"curies":[{"name":"wp","href":"https:\/\/api.w.org\/{rel}","templated":true}]}}