{"id":53,"date":"2013-11-08T14:42:01","date_gmt":"2013-11-08T13:42:01","guid":{"rendered":"http:\/\/www.sublimatio.com\/wythiwyg\/?page_id=53"},"modified":"2013-11-10T02:16:31","modified_gmt":"2013-11-10T01:16:31","slug":"tarifs","status":"publish","type":"page","link":"https:\/\/www.sublimatio.com\/communication\/tarifs\/","title":{"rendered":"Tarifs"},"content":{"rendered":"<p style=\"text-align: center; font-size: 14px;\"><span style=\"color: #ffffff;\">_<\/span><\/p>\n<p style=\"text-align: center; font-size: 16px;\">Nos tarifs sont \u00e0 votre disposition \u00e0 l&rsquo;occasion d\u2019une prise de\u00a0<span style=\"color: #0000ff;\"><a title=\"contact\" href=\"http:\/\/sublimatio.com\/portail\/contact\/\"><span style=\"color: #0000ff;\">contact<\/span><\/a>\u00a0<\/span>directe \u00e0 propos de projets pr\u00e9cis.<\/p>\n<p style=\"font-size: 14px; text-align: left;\">[ezcol_1quarter]<br \/>\n<strong style=\"font-size: 16px; line-height: 1.5;\">Exp\u00e9rience :\u00a0<\/strong><\/p>\n<p style=\"font-size: 14px; text-align: left;\">Trente ann\u00e9es au service d\u2019une passion pour l\u2019image photographique me permettent d\u2019aborder tout type de prises de vues avec s\u00e9r\u00e9nit\u00e9. L\u2019approche globale des questions d\u2019images, li\u00e9e \u00e0 une exp\u00e9rience de Directeur Artistique, est &#8230;<br \/>\n<span style=\"color: #0000ff;\"><em><a title=\"prix\" href=\"http:\/\/www.sublimatio.com\/wythiwyg\/prix\/\"><span style=\"color: #0000ff;\">lire la suite &#8230;<\/span><\/a><\/em><\/span><span style=\"color: #0000ff;\"><em><br \/>\n<\/em><\/span>[\/ezcol_1quarter]<span style=\"line-height: 1.5;\">[ezcol_1quarter]<\/span><strong style=\"font-size: 16px; line-height: 1.5;\">Le mat\u00e9riel :\u00a0<\/strong><\/p>\n<p style=\"font-size: 14px; text-align: left;\">Un \u00e9quipement en permanence renouvel\u00e9 sur les quatre postes principaux : &#8230;<br \/>\n<span style=\"color: #0000ff;\"><a title=\"prix\" href=\"http:\/\/www.sublimatio.com\/wythiwyg\/prix\/\"><span style=\"color: #0000ff;\"><em>lire la suite &#8230;<\/em><\/span><\/a>\u00a0<\/span><\/p>\n<p><strong>Des r\u00e8gles :<br \/>\n<\/strong><\/p>\n<p style=\"font-size: 14px; text-align: left;\">Un principe d\u2019\u00e9quipement pour l\u2019\u00e9clairage : apporter la qualit\u00e9 de la\u00a0lumi\u00e8re du studio en ext\u00e9rieur gr\u00e2ce&#8230;<br \/>\n<span style=\"color: #0000ff;\"><a title=\"prix\" href=\"http:\/\/www.sublimatio.com\/wythiwyg\/prix\/\"><span style=\"color: #0000ff;\"><em>lire la suite &#8230;<\/em><\/span><\/a><\/span><\/p>\n<p>[\/ezcol_1quarter]<span style=\"line-height: 1.5;\">[ezcol_1quarter]<\/span><strong style=\"line-height: 1.5;\">Reportage :<br \/>\n<\/strong><\/p>\n<p style=\"font-size: 14px; text-align: left;\"><span style=\"line-height: 1.5;\">Habituellement r\u00e9alis\u00e9e avec le mat\u00e9riel de prises de vues \u00e0 l\u2019\u00e9paule et de l\u2019\u00e9clairage portatif l\u00e9ger, cette prestation est propos\u00e9e &#8230;<\/span><br \/>\n<span style=\"color: #0000ff;\"><a title=\"prestations\" href=\"http:\/\/www.sublimatio.com\/wythiwyg\/prestations\/\"><span style=\"color: #0000ff;\"><em>lire la suite &#8230;<\/em><\/span><\/a><\/span><\/p>\n<p><span style=\"color: #333333;\"><strong>Prises de vues institutionnelles, studio, portrait, nature morte, publicit\u00e9 :<br \/>\n<\/strong><\/span><span style=\"font-size: 14px; line-height: 1.5;\">Ces prestations comprennent toute prise toute prise de vue d\u2019une technicit\u00e9 sup\u00e9rieure&#8230;<br \/>\n<\/span><span style=\"color: #0000ff;\"><em style=\"color: #0000ff; line-height: 1.5;\"><a title=\"prestations\" href=\"http:\/\/www.sublimatio.com\/wythiwyg\/prestations\/\"><span style=\"color: #0000ff;\">lire la suite &#8230;<\/span><\/a><\/em><\/span><\/p>\n<p><strong style=\"color: #333333; line-height: 1.5;\">Direction artistique, Production, Gestion de projets :<br \/>\n<\/strong><span style=\"font-size: 14px; line-height: 1.5;\">Se con\u00e7oivent dans le cadre d\u2019une prise de vue, ou d\u2019un projet dans lequel la cr\u00e9ation d\u2019une image ou la captation d\u2019un \u00e9v\u00e8nement &#8230;<br \/>\n<\/span><em style=\"color: #0000ff; font-size: 14px; line-height: 1.5;\"><a title=\"prestations\" href=\"http:\/\/www.sublimatio.com\/wythiwyg\/prestations\/\"><span style=\"color: #0000ff;\">lire la suite &#8230;<\/span><\/a><\/em><\/p>\n<p style=\"font-size: 14px; text-align: left;\"><span style=\"color: #333333;\">[\/ezcol_1quarter]<span style=\"line-height: 1.5;\">[ezcol_1quarter_end]<\/span><strong style=\"line-height: 1.5;\">Post Production :<\/strong><\/span><\/p>\n<p style=\"font-size: 14px; text-align: left;\"><span style=\"color: #333333;\"><span style=\"line-height: 1.5;\">La post-production est l\u2019\u00e9tape essentielle avant l\u2019utilisation d\u2019une image provenant\u00a0directement d\u2019un appareil num\u00e9rique &#8230;<br \/>\n<\/span><\/span><strong>La post production d\u2019\u00e9dition&#8230;<\/strong><br \/>\n<strong> La post production de finition.<\/strong>..<br \/>\n<a title=\"prestations\" href=\"http:\/\/www.sublimatio.com\/wythiwyg\/prestations\/\"><span style=\"color: #0000ff;\"><em>lire la suite &#8230;<\/em><\/span><\/a><\/p>\n<p><strong>Mise en ligne et livraison des images :<br \/>\n<\/strong><span style=\"font-size: 14px; line-height: 1.5;\">La livraison d\u2019images se fait habituellement via notre \u00a0serveur ou &#8230;<br \/>\n<\/span><a style=\"font-size: 14px; line-height: 1.5;\" title=\"prestations\" href=\"http:\/\/www.sublimatio.com\/wythiwyg\/prestations\/\"><span style=\"color: #0000ff;\"><em>lire la suite &#8230;<\/em><\/span><\/a><\/p>\n<p style=\"font-size: 14px; text-align: left;\">[\/ezcol_1quarter_end]<\/p>\n","protected":false},"excerpt":{"rendered":"<p>_ Nos tarifs sont \u00e0 votre disposition \u00e0 l&rsquo;occasion d\u2019une prise de\u00a0contact\u00a0directe \u00e0 propos de projets pr\u00e9cis. [ezcol_1quarter] Exp\u00e9rience :\u00a0 Trente ann\u00e9es au service d\u2019une passion pour l\u2019image photographique me permettent d\u2019aborder tout type de prises de vues avec s\u00e9r\u00e9nit\u00e9. L\u2019approche globale des questions d\u2019images, li\u00e9e \u00e0 une exp\u00e9rience de Directeur Artistique, est &#8230; lire &hellip; <a href=\"https:\/\/www.sublimatio.com\/communication\/tarifs\/\" class=\"more-link\">Continuer la lecture de <span class=\"screen-reader-text\">Tarifs<\/span> <span class=\"meta-nav\">&rarr;<\/span><\/a><\/p>\n","protected":false},"author":2,"featured_media":0,"parent":0,"menu_order":0,"comment_status":"closed","ping_status":"closed","template":"","meta":{"footnotes":""},"class_list":["post-53","page","type-page","status-publish","hentry"],"_links":{"self":[{"href":"https:\/\/www.sublimatio.com\/communication\/wp-json\/wp\/v2\/pages\/53","targetHints":{"allow":["GET"]}}],"collection":[{"href":"https:\/\/www.sublimatio.com\/communication\/wp-json\/wp\/v2\/pages"}],"about":[{"href":"https:\/\/www.sublimatio.com\/communication\/wp-json\/wp\/v2\/types\/page"}],"author":[{"embeddable":true,"href":"https:\/\/www.sublimatio.com\/communication\/wp-json\/wp\/v2\/users\/2"}],"replies":[{"embeddable":true,"href":"https:\/\/www.sublimatio.com\/communication\/wp-json\/wp\/v2\/comments?post=53"}],"version-history":[{"count":45,"href":"https:\/\/www.sublimatio.com\/communication\/wp-json\/wp\/v2\/pages\/53\/revisions"}],"predecessor-version":[{"id":200,"href":"https:\/\/www.sublimatio.com\/communication\/wp-json\/wp\/v2\/pages\/53\/revisions\/200"}],"wp:attachment":[{"href":"https:\/\/www.sublimatio.com\/communication\/wp-json\/wp\/v2\/media?parent=53"}],"curies":[{"name":"wp","href":"https:\/\/api.w.org\/{rel}","templated":true}]}}